{"id":305,"date":"2018-05-28T12:41:29","date_gmt":"2018-05-28T11:41:29","guid":{"rendered":"https:\/\/udekta.com\/capital\/?page_id=305"},"modified":"2018-05-28T12:47:37","modified_gmt":"2018-05-28T11:47:37","slug":"politica-de-privacidad","status":"publish","type":"page","link":"https:\/\/udekta.com\/capital\/contacto\/politica-de-privacidad\/","title":{"rendered":"Pol\u00edtica de Privacidad"},"content":{"rendered":"<p><strong>Pol\u00edtica de privacidad<\/strong><\/p>\n<p>&nbsp;<\/p>\n<p>La presente Pol\u00edtica de Privacidad regula la recogida y tratamiento de los datos personales que sean proporcionados por los Usuarios, cuando accedan, naveguen o hagan uso de las funcionalidades en el Sitio Web accesible desde la URL: www.udekta.com (en adelante, el Sitio Web).<\/p>\n<p>&nbsp;<\/p>\n<p>Cuando para la utilizaci\u00f3n o solicitud de alg\u00fan servicio sea necesario facilitar datos de car\u00e1cter personal, los usuarios garantizar\u00e1n su veracidad, exactitud, autenticidad y vigencia. En este sentido, ser\u00e1 obligaci\u00f3n de los usuarios mantener actualizados los datos de forma tal que correspondan a la realidad en cada momento.<\/p>\n<p>&nbsp;<\/p>\n<p><strong>Recogida de datos, finalidades, base de legitimaci\u00f3n y plazos de conservaci\u00f3n:<\/strong><\/p>\n<p>&nbsp;<\/p>\n<p>La aceptaci\u00f3n de esta Pol\u00edtica de Privacidad significa que el Usuario faculta a UDEKTA Capital S.A. con NIF A-87678645 (en adelante, UDEKTA Capital o la \u201cTitular\u201d, indistintamente), y domicilio en Vel\u00e1zquez 3, Madrid, como titular del Sitio Web, para realizar el tratamiento de sus datos e incluirlos en un registro de tratamientos de su responsabilidad, para los fines estipulados a continuaci\u00f3n:<\/p>\n<p>&nbsp;<\/p>\n<ol>\n<li><u>Contacto:<\/u> El Usuario puede ponerse en contacto con la Titular, a trav\u00e9s del formulario establecido a tal efecto en el Sitio Web, o bien a los medios de contacto indicados en el Sitio Web (tel\u00e9fonos, email, direcci\u00f3n postal). Para ello, deber\u00e1 facilitar los datos que se le soliciten, junto con el mensaje, consulta, sugerencia o comentario. La Titular tratar\u00e1 los datos facilitados por el Usuario para atenderle y contactar con \u00e9l a tal efecto. Asimismo, los datos facilitados por el usuario ser\u00e1n almacenados en las bases de datos de posibles clientes de UDEKTA Capital.<\/li>\n<\/ol>\n<p style=\"padding-left: 30px;\">La base jur\u00eddica del tratamiento de tales datos se sustenta en el consentimiento del Usuario.<\/p>\n<p style=\"padding-left: 30px;\">El plazo de conservaci\u00f3n de los datos para esta finalidad ser\u00e1 de un a\u00f1o, salvo que sean aplicables otros plazos.<\/p>\n<ol start=\"2\">\n<li><u>Registro:<\/u> los datos que el Usuario suministre en los formularios de registro en el Sitio Web ser\u00e1n tratados por UDEKTA Capital con la finalidad de efectuar el alta de su cuenta personal en el Sitio Web, y para gestionarla. En caso de que, en el apartado del Sitio Web correspondiente, el Usuario solicitara la contrataci\u00f3n de los servicios de UDEKTA Capital, los datos facilitados con motivo de la contrataci\u00f3n ser\u00e1n tratados en los t\u00e9rminos previstos en el contrato.<\/li>\n<\/ol>\n<p style=\"padding-left: 30px;\">La base jur\u00eddica del tratamiento de tales datos se sustenta en el consentimiento del Usuario. Los datos ser\u00e1n conservados por todo el tiempo que el Usuario sea usuario registrado, estando su cuenta activa. Una vez que se d\u00e9 de baja la cuenta personal del Usuario, los datos ser\u00e1n borrados y conservados bloqueados durante 6 a\u00f1os. Salvo que fueran aplicables otros plazos.<\/p>\n<ol start=\"3\">\n<li><u>Contrataci\u00f3n de los servicios de UDEKTA Capital:<\/u> cuando el Usuario contrate los servicios prestados por la Titular, a trav\u00e9s del Sitio Web, deber\u00e1 cumplimentar los formularios se\u00f1alados para ello. A trav\u00e9s de los mismos, el Usuario tendr\u00e1 que suministrar los datos personales, incluyendo datos especialmente sensibles como el grado de discapacidad, e informaci\u00f3n que se le soliciten, de lo contrario no podr\u00e1 atenderse la solicitud del Usuario. Los datos ser\u00e1n tratados por UDEKTA Capital con la finalidad de gestionar la contrataci\u00f3n solicitada por el Usuario, elaborar el contrato tipo a suscribir entre las partes y enviarle, por email o correo postal, informaci\u00f3n relacionada con dicha contrataci\u00f3n, as\u00ed como para formalizar el contrato. En caso de no finalizar el tr\u00e1mite de contrataci\u00f3n, los datos personales distintos de sus datos identificativos y de contacto ser\u00e1n eliminados de nuestros sistemas en el plazo de 1 mes desde la solicitud de contrataci\u00f3n.<\/li>\n<\/ol>\n<p style=\"padding-left: 30px;\">La base jur\u00eddica de este tratamiento ser\u00e1 la correcta ejecuci\u00f3n de un contrato, por lo que si el mismo no llegara a perfeccionarse, los datos ser\u00e1n eliminados en el plazo de 1 mes.<\/p>\n<p style=\"padding-left: 30px;\">El plazo de conservaci\u00f3n de los datos ser\u00e1 de 10 a\u00f1os, a contar desde la \u00faltima operaci\u00f3n. Salvo que sean de aplicaci\u00f3n otros plazos.<\/p>\n<p style=\"padding-left: 30px;\">En caso de contrataci\u00f3n de los servicios de UDEKTA Capital, le informamos que, en base a nuestro inter\u00e9s leg\u00edtimo, podremos remitirle informaci\u00f3n propia sobre nuestros productos y servicios, pudiendo oponerse a dicho tratamiento enviando un correo electr\u00f3nico a info@udekta.com o indic\u00e1ndolo en el propio contrato. Sus datos ser\u00e1n conservados con esta finalidad mientras perdure su relaci\u00f3n contractual con UDEKTA Capital.<\/p>\n<ol start=\"4\">\n<li><u>Recursos humanos:<\/u> el Usuario puede ponerse en contacto a trav\u00e9s del Sitio Web con UDEKTA Capital, para formar parte de los procesos de selecci\u00f3n que se est\u00e9n llevando a cabo en la empresa actualmente, o lo hagan en un futuro. Para ello deber\u00e1 proporcionar sus datos identificativos y de contacto, as\u00ed como aquellos referidos a su formaci\u00f3n acad\u00e9mica. Tales datos ser\u00e1n utilizados para tomar en consideraci\u00f3n al Usuario en las ofertas de trabajo activas y\/o que tengan lugar en el futuro.<\/li>\n<\/ol>\n<p style=\"padding-left: 30px;\">La base jur\u00eddica del tratamiento de tales datos se sustenta en el consentimiento del Usuario. El plazo de conservaci\u00f3n de los datos ser\u00e1 de un a\u00f1o. Salvo que sean de aplicaci\u00f3n otros plazos.<\/p>\n<ol start=\"5\">\n<li><u>Acciones comerciales:<\/u> el Usuario puede, si lo desea, facilitar sus datos identificativos y su direcci\u00f3n de correo electr\u00f3nico para suscribirse a las novedades, promociones y noticias de UDEKTA Capital, para recibir peri\u00f3dicamente comunicaciones en su correo electr\u00f3nico, direcci\u00f3n postal o dispositivo m\u00f3vil (en su caso).<\/li>\n<\/ol>\n<p style=\"padding-left: 30px;\">La base jur\u00eddica del tratamiento de tales datos se sustenta en el consentimiento del Usuario. El plazo de conservaci\u00f3n de los datos ser\u00e1 del tiempo que permanezca dado de alta en nuestros sistemas de env\u00edo de informaci\u00f3n comercial.<\/p>\n<ol start=\"6\">\n<li><u>Segmentaci\u00f3n:<\/u> en el caso de que el Usuario lo consienta expresamente, UDEKTA Capital analizar\u00e1 las operaciones que realice en relaci\u00f3n con los fondos y su actividad en el sitio web de UDEKTA Capital con la finalidad de determinar su perfil inversor y ofrecerle acciones formativas e informativas que pudieran resultarle de inter\u00e9s.<\/li>\n<\/ol>\n<p style=\"padding-left: 30px;\">La base jur\u00eddica del tratamiento de tales datos se sustenta en el consentimiento del Usuario. El plazo de conservaci\u00f3n de los datos ser\u00e1 del tiempo que el Usuario permanezca como usuario registrado, es decir, mientras su cuenta est\u00e9 activa.<\/p>\n<ol start=\"7\">\n<li><u>Cookies:<\/u> El Sitio Web dispone de tecnolog\u00eda para la implantaci\u00f3n de archivos denominados cookies en el equipo que sea utilizado para el acceso y navegaci\u00f3n por el Sitio Web. Las cookies pueden ser bloqueadas o deshabilitadas en cualquier momento a trav\u00e9s de las opciones de configuraci\u00f3n del navegador, y se utilizan para mejorar su experiencia de navegaci\u00f3n en nuestra web, analizar la navegaci\u00f3n de los usuarios y poder ofrecerle contenidos personalizados. Si desea m\u00e1s informaci\u00f3n puede consultar nuestra pol\u00edtica de Cookies.<\/li>\n<\/ol>\n<p style=\"padding-left: 30px;\">La base jur\u00eddica del tratamiento de tales datos se sustenta en el consentimiento del Usuario. El tiempo de conservaci\u00f3n depender\u00e1 del tipo de cookie de que se trate.<\/p>\n<p>&nbsp;<\/p>\n<p><strong>Comunicaci\u00f3n de datos<\/strong><\/p>\n<p>&nbsp;<\/p>\n<p>En caso de que el Usuario as\u00ed lo consienta expresamente, UDEKTA Capital S.A. podr\u00e1 comunicar sus datos identificativos y de contacto a otras empresas de su grupo empresarial con la finalidad de remitirle informaci\u00f3n sobre sus actividades, productos y servicios por medios electr\u00f3nicos o por correo postal.<\/p>\n<p>&nbsp;<\/p>\n<p><strong>Ejercicio de derechos<\/strong><\/p>\n<p>&nbsp;<\/p>\n<p>Asimismo, el Usuario puede revocar el consentimiento para el tratamiento, haciendo ejercicio de los derechos de acceso, rectificaci\u00f3n, supresi\u00f3n, portabilidad, oposici\u00f3n y limitaci\u00f3n al tratamiento, poni\u00e9ndolo en conocimiento de UDEKTA Capital a trav\u00e9s de un correo electr\u00f3nico dirigido a info@udekta.com o indic\u00e1ndolo a la direcci\u00f3n postal arriba indicada, se\u00f1alando como asunto \u201cProtecci\u00f3n de Datos\u201d. En ambos casos, la comunicaci\u00f3n deber\u00e1 ir acompa\u00f1ada de cualquier documento oficial que permita la identificaci\u00f3n, para evitar el acceso de sus datos por parte de terceros. Por \u00faltimo, el Usuario podr\u00e1 comunicar cualquier modificaci\u00f3n por escrito o solicitar la baja, indic\u00e1ndolo en cualquiera de las direcciones facilitadas.<\/p>\n<p>&nbsp;<\/p>\n<p>En cualquier momento, el Usuario podr\u00e1 presentar una reclamaci\u00f3n ante la Autoridad de control.<\/p>\n<p>&nbsp;<\/p>\n<p><strong>Modificaci\u00f3n de la Pol\u00edtica de privacidad<\/strong><\/p>\n<p>&nbsp;<\/p>\n<p>UDEKTA Capital se reserva el derecho de modificar en cualquier momento su pol\u00edtica de privacidad, respetando la legislaci\u00f3n vigente en materia de protecci\u00f3n de datos y previa la debida comunicaci\u00f3n a los interesados.<\/p>\n<p>&nbsp;<\/p>\n<p><strong>Idioma aplicable a la presente pol\u00edtica de privacidad<\/strong><\/p>\n<p>&nbsp;<\/p>\n<p>El idioma aplicable a esta Pol\u00edtica de Privacidad es el castellano. Cualquier versi\u00f3n de la misma en idioma distinto es ofrecida para comodidad del Usuario y para facilitar su comprensi\u00f3n. No obstante, esta Pol\u00edtica de Privacidad se regir\u00e1 siempre por su versi\u00f3n en castellano.<\/p>\n<p>&nbsp;<\/p>\n<p>En caso de contradicci\u00f3n entre la Pol\u00edtica de Privacidad en cualquier idioma y su versi\u00f3n en espa\u00f1ol, prevalecer\u00e1 la versi\u00f3n en castellano.<\/p>\n","protected":false},"excerpt":{"rendered":"<p>Pol\u00edtica de privacidad &nbsp; La presente Pol\u00edtica de Privacidad regula la recogida y tratamiento de los datos personales que sean proporcionados por [&hellip;]<\/p>\n","protected":false},"author":101011,"featured_media":0,"parent":34,"menu_order":0,"comment_status":"closed","ping_status":"closed","template":"","meta":{"footnotes":""},"_links":{"self":[{"href":"https:\/\/udekta.com\/capital\/wp-json\/wp\/v2\/pages\/305"}],"collection":[{"href":"https:\/\/udekta.com\/capital\/wp-json\/wp\/v2\/pages"}],"about":[{"href":"https:\/\/udekta.com\/capital\/wp-json\/wp\/v2\/types\/page"}],"author":[{"embeddable":true,"href":"https:\/\/udekta.com\/capital\/wp-json\/wp\/v2\/users\/101011"}],"replies":[{"embeddable":true,"href":"https:\/\/udekta.com\/capital\/wp-json\/wp\/v2\/comments?post=305"}],"version-history":[{"count":3,"href":"https:\/\/udekta.com\/capital\/wp-json\/wp\/v2\/pages\/305\/revisions"}],"predecessor-version":[{"id":310,"href":"https:\/\/udekta.com\/capital\/wp-json\/wp\/v2\/pages\/305\/revisions\/310"}],"up":[{"embeddable":true,"href":"https:\/\/udekta.com\/capital\/wp-json\/wp\/v2\/pages\/34"}],"wp:attachment":[{"href":"https:\/\/udekta.com\/capital\/wp-json\/wp\/v2\/media?parent=305"}],"curies":[{"name":"wp","href":"https:\/\/api.w.org\/{rel}","templated":true}]}}