{"id":6,"date":"2016-09-27T11:22:25","date_gmt":"2016-09-27T11:22:25","guid":{"rendered":"https:\/\/udekta.com\/capital\/?page_id=6"},"modified":"2023-03-13T15:42:54","modified_gmt":"2023-03-13T14:42:54","slug":"quienes-somos","status":"publish","type":"page","link":"https:\/\/udekta.com\/capital\/quienes-somos\/","title":{"rendered":"Udekta Capital"},"content":{"rendered":"<h5 style=\"text-align: justify;\">\u00a0<\/h5>\n<h5>Udekta Capital es una Sociedad An\u00f3nima con el foco puesto en las microcaps. Invierte en peque\u00f1as y medianas compa\u00f1\u00edas que cotizan en Bolsa o en Mercados de Valores.<\/h5>\n\n\n<div class=\"wp-block-image\"><figure class=\"aligncenter size-large is-resized\"><img loading=\"lazy\" decoding=\"async\" src=\"https:\/\/udekta.com\/capital\/wp-content\/uploads\/2016\/09\/alternative-investments-periodico-1024x613.jpg\" alt=\"\" class=\"wp-image-4\" width=\"512\" height=\"307\" srcset=\"https:\/\/udekta.com\/capital\/wp-content\/uploads\/2016\/09\/alternative-investments-periodico-1024x613.jpg 1024w, https:\/\/udekta.com\/capital\/wp-content\/uploads\/2016\/09\/alternative-investments-periodico-300x180.jpg 300w, https:\/\/udekta.com\/capital\/wp-content\/uploads\/2016\/09\/alternative-investments-periodico-768x460.jpg 768w, https:\/\/udekta.com\/capital\/wp-content\/uploads\/2016\/09\/alternative-investments-periodico-830x497.jpg 830w, https:\/\/udekta.com\/capital\/wp-content\/uploads\/2016\/09\/alternative-investments-periodico-230x138.jpg 230w, https:\/\/udekta.com\/capital\/wp-content\/uploads\/2016\/09\/alternative-investments-periodico-350x209.jpg 350w, https:\/\/udekta.com\/capital\/wp-content\/uploads\/2016\/09\/alternative-investments-periodico-480x287.jpg 480w\" sizes=\"(max-width: 512px) 100vw, 512px\" \/><\/figure><\/div>\n\n\n\n<p><strong>\u00b7 Qu\u00e9<\/strong>: sociedad an\u00f3nima que invierte principalmente en empresas cotizadas en mercados de valores dirigidos a pymes.<\/p>\n\n\n\n<p>\u00b7 <strong>Cu\u00e1ndo<\/strong>: se constituye en diciembre de 2016.<\/p>\n\n\n\n<p>\u00b7 <strong>Objetivo<\/strong>: ser un referente de la inversi\u00f3n en microcaps.<\/p>\n\n\n\n<p>\u00b7 <strong>Qui\u00e9n<\/strong>: cuenta con el respaldo de un reducido n\u00famero de inversores privados procedentes de diversos \u00e1mbitos profesionales.<\/p>\n\n\n\n<p>\u00b7 <strong>Por qu\u00e9<\/strong>: se crea al entender los socios fundadores que las microcaps es un mercado en el que se podr\u00e1n encontrar buenas empresas y excelentes inversiones. Adem\u00e1s, desde UDEKTA Capital entendemos que la inversi\u00f3n en microcaps en Espa\u00f1a est\u00e1 desatendida. Esta falta de inter\u00e9s creemos que genera oportunidades de inversi\u00f3n extraordinarias.<\/p>\n\n\n\n<p><strong>\u00b7 Cu\u00e1nto<\/strong>: se constituye con un capital social inicial de 200.000 euros en diciembre de 2016 y empieza su actividad en enero de 2017. Tras varias ampliaciones de capital, hoy contamos con un capital social de 501.000 euros.<\/p>\n\n\n\n<div class=\"wp-block-image is-style-circle-mask\"><figure class=\"aligncenter size-large is-resized\"><img loading=\"lazy\" decoding=\"async\" src=\"https:\/\/udekta.com\/capital\/wp-content\/uploads\/2020\/02\/iberian-value-2019-mab-08-1024x682.jpg\" alt=\"\" class=\"wp-image-461\" width=\"641\" height=\"427\" srcset=\"https:\/\/udekta.com\/capital\/wp-content\/uploads\/2020\/02\/iberian-value-2019-mab-08-1024x682.jpg 1024w, https:\/\/udekta.com\/capital\/wp-content\/uploads\/2020\/02\/iberian-value-2019-mab-08-300x200.jpg 300w, https:\/\/udekta.com\/capital\/wp-content\/uploads\/2020\/02\/iberian-value-2019-mab-08-768x512.jpg 768w, https:\/\/udekta.com\/capital\/wp-content\/uploads\/2020\/02\/iberian-value-2019-mab-08-830x553.jpg 830w, https:\/\/udekta.com\/capital\/wp-content\/uploads\/2020\/02\/iberian-value-2019-mab-08-230x153.jpg 230w, https:\/\/udekta.com\/capital\/wp-content\/uploads\/2020\/02\/iberian-value-2019-mab-08-350x233.jpg 350w, https:\/\/udekta.com\/capital\/wp-content\/uploads\/2020\/02\/iberian-value-2019-mab-08-480x320.jpg 480w, https:\/\/udekta.com\/capital\/wp-content\/uploads\/2020\/02\/iberian-value-2019-mab-08-272x182.jpg 272w, https:\/\/udekta.com\/capital\/wp-content\/uploads\/2020\/02\/iberian-value-2019-mab-08.jpg 1280w\" sizes=\"(max-width: 641px) 100vw, 641px\" \/><\/figure><\/div>\n","protected":false},"excerpt":{"rendered":"<p>\u00a0 Udekta Capital es una Sociedad An\u00f3nima con el foco puesto en las microcaps. Invierte en peque\u00f1as y medianas compa\u00f1\u00edas que cotizan [&hellip;]<\/p>\n","protected":false},"author":1,"featured_media":0,"parent":0,"menu_order":0,"comment_status":"closed","ping_status":"closed","template":"page-templates\/page_front-page.php","meta":{"footnotes":""},"_links":{"self":[{"href":"https:\/\/udekta.com\/capital\/wp-json\/wp\/v2\/pages\/6"}],"collection":[{"href":"https:\/\/udekta.com\/capital\/wp-json\/wp\/v2\/pages"}],"about":[{"href":"https:\/\/udekta.com\/capital\/wp-json\/wp\/v2\/types\/page"}],"author":[{"embeddable":true,"href":"https:\/\/udekta.com\/capital\/wp-json\/wp\/v2\/users\/1"}],"replies":[{"embeddable":true,"href":"https:\/\/udekta.com\/capital\/wp-json\/wp\/v2\/comments?post=6"}],"version-history":[{"count":33,"href":"https:\/\/udekta.com\/capital\/wp-json\/wp\/v2\/pages\/6\/revisions"}],"predecessor-version":[{"id":621,"href":"https:\/\/udekta.com\/capital\/wp-json\/wp\/v2\/pages\/6\/revisions\/621"}],"wp:attachment":[{"href":"https:\/\/udekta.com\/capital\/wp-json\/wp\/v2\/media?parent=6"}],"curies":[{"name":"wp","href":"https:\/\/api.w.org\/{rel}","templated":true}]}}