{"id":777,"date":"2020-12-20T19:46:40","date_gmt":"2020-12-20T18:46:40","guid":{"rendered":"https:\/\/udekta.com\/corporate\/?page_id=777"},"modified":"2022-01-27T15:00:27","modified_gmt":"2022-01-27T14:00:27","slug":"tv","status":"publish","type":"page","link":"https:\/\/udekta.com\/corporate\/tv\/","title":{"rendered":"TV"},"content":{"rendered":"<p>[vc_row css_animation=\u00bb\u00bb row_type=\u00bbrow\u00bb use_row_as_full_screen_section=\u00bbno\u00bb type=\u00bbfull_width\u00bb angled_section=\u00bbno\u00bb text_align=\u00bbleft\u00bb background_image_as_pattern=\u00bbwithout_pattern\u00bb][vc_column][vc_column_text]<\/p>\n<h2 style=\"text-align: center;\">Participaciones de Udekta en Televisi\u00f3n<\/h2>\n<p>[\/vc_column_text][vc_separator type=\u00bbnormal\u00bb][vc_separator type=\u00bbnormal\u00bb][\/vc_column][\/vc_row][vc_row css_animation=\u00bb\u00bb row_type=\u00bbrow\u00bb use_row_as_full_screen_section=\u00bbno\u00bb type=\u00bbfull_width\u00bb angled_section=\u00bbno\u00bb text_align=\u00bbleft\u00bb background_image_as_pattern=\u00bbwithout_pattern\u00bb][vc_column][vc_column_text]<\/p>\n<h2 style=\"text-align: center;\">2020 &#8211; 2021 &#8211; 2022<\/h2>\n<p>[\/vc_column_text][\/vc_column][vc_column][vc_separator type=\u00bbnormal\u00bb][\/vc_column][\/vc_row][vc_row css_animation=\u00bb\u00bb row_type=\u00bbrow\u00bb use_row_as_full_screen_section=\u00bbno\u00bb type=\u00bbfull_width\u00bb angled_section=\u00bbno\u00bb text_align=\u00bbleft\u00bb background_image_as_pattern=\u00bbwithout_pattern\u00bb][vc_column width=\u00bb1\/2&#8243;][vc_column_text]<\/p>\n<h3>BME Growth, la bolsa de los pymes + Entrevista GIGAS Hosting<\/h3>\n<p>[\/vc_column_text][vc_column_text]3 de diciembre de 2020[\/vc_column_text][vc_separator type=\u00bbnormal\u00bb][vc_video link=\u00bbhttps:\/\/youtu.be\/mm5qzPB2T_Y\u00bb][\/vc_column][vc_column width=\u00bb1\/2&#8243;][vc_column_text]<\/p>\n<h3>\u00bfQu\u00e9 es el entorno Pre Mercado de BME Growth? + Entrevista IZERTIS<\/h3>\n<p>[\/vc_column_text][vc_column_text]17 de diciembre de 2020[\/vc_column_text][vc_separator type=\u00bbnormal\u00bb][vc_video link=\u00bbhttps:\/\/youtu.be\/DeABATeyoGc\u00bb][\/vc_column][\/vc_row][vc_row css_animation=\u00bb\u00bb row_type=\u00bbrow\u00bb use_row_as_full_screen_section=\u00bbno\u00bb type=\u00bbfull_width\u00bb angled_section=\u00bbno\u00bb text_align=\u00bbleft\u00bb background_image_as_pattern=\u00bbwithout_pattern\u00bb][vc_column][vc_separator type=\u00bbnormal\u00bb][\/vc_column][\/vc_row][vc_row css_animation=\u00bb\u00bb row_type=\u00bbrow\u00bb use_row_as_full_screen_section=\u00bbno\u00bb type=\u00bbfull_width\u00bb angled_section=\u00bbno\u00bb text_align=\u00bbleft\u00bb background_image_as_pattern=\u00bbwithout_pattern\u00bb][vc_column][vc_separator type=\u00bbnormal\u00bb][\/vc_column][\/vc_row][vc_row css_animation=\u00bb\u00bb row_type=\u00bbrow\u00bb use_row_as_full_screen_section=\u00bbno\u00bb type=\u00bbfull_width\u00bb angled_section=\u00bbno\u00bb text_align=\u00bbleft\u00bb background_image_as_pattern=\u00bbwithout_pattern\u00bb][vc_column width=\u00bb1\/2&#8243;][vc_column_text]<\/p>\n<h3>Nuevo l\u00edmite de capitalizaci\u00f3n en el BME Growth + Entrevista CLERHP<\/h3>\n<p>[\/vc_column_text][vc_column_text]10 de diciembre de 2020[\/vc_column_text][vc_separator type=\u00bbnormal\u00bb][vc_video link=\u00bbhttps:\/\/youtu.be\/cTP5anr6PLc\u00bb][\/vc_column][vc_column width=\u00bb1\/2&#8243;][vc_column_text]<\/p>\n<h3>\u00bfQu\u00e9 es el BME Growth (antiguo MAB &#8211; Mercado Alternativo Burs\u00e1til)?<\/h3>\n<p>[\/vc_column_text][vc_column_text]13 de octubre de 2020[\/vc_column_text][vc_separator type=\u00bbnormal\u00bb][vc_video link=\u00bbhttps:\/\/youtu.be\/JdkPidoTxew\u00bb][\/vc_column][\/vc_row][vc_row css_animation=\u00bb\u00bb row_type=\u00bbrow\u00bb use_row_as_full_screen_section=\u00bbno\u00bb type=\u00bbfull_width\u00bb angled_section=\u00bbno\u00bb text_align=\u00bbleft\u00bb background_image_as_pattern=\u00bbwithout_pattern\u00bb][vc_column][vc_separator type=\u00bbnormal\u00bb][vc_separator type=\u00bbnormal\u00bb][\/vc_column][\/vc_row][vc_row css_animation=\u00bb\u00bb row_type=\u00bbrow\u00bb use_row_as_full_screen_section=\u00bbno\u00bb type=\u00bbfull_width\u00bb angled_section=\u00bbno\u00bb text_align=\u00bbleft\u00bb background_image_as_pattern=\u00bbwithout_pattern\u00bb][vc_column width=\u00bb1\/2&#8243;][vc_column_text]<\/p>\n<h3>\u00bfCu\u00e1ntas compa\u00f1\u00edas se han incorporado al BME Growth durante este 2020? + Entrevista MONDO TV Iber.<\/h3>\n<p>[\/vc_column_text][vc_column_text]23 de diciembre de 2020[\/vc_column_text][vc_separator type=\u00bbnormal\u00bb][vc_video link=\u00bbhttps:\/\/youtu.be\/0vkR1myWHW4&#8243;][\/vc_column][vc_column width=\u00bb1\/2&#8243;][vc_column_text]<\/p>\n<h3>Evoluci\u00f3n de los \u00edndices del BME Growth + Entrevista LLEIDANET<\/h3>\n<p>[\/vc_column_text][vc_column_text]30 de diciembre de 2020[\/vc_column_text][vc_separator type=\u00bbnormal\u00bb][vc_video link=\u00bbhttps:\/\/youtu.be\/fB6VrxcBm_M\u00bb][\/vc_column][\/vc_row][vc_row css_animation=\u00bb\u00bb row_type=\u00bbrow\u00bb use_row_as_full_screen_section=\u00bbno\u00bb type=\u00bbfull_width\u00bb angled_section=\u00bbno\u00bb text_align=\u00bbleft\u00bb background_image_as_pattern=\u00bbwithout_pattern\u00bb][vc_column][vc_separator type=\u00bbnormal\u00bb][vc_separator type=\u00bbnormal\u00bb][\/vc_column][\/vc_row][vc_row css_animation=\u00bb\u00bb row_type=\u00bbrow\u00bb use_row_as_full_screen_section=\u00bbno\u00bb type=\u00bbfull_width\u00bb angled_section=\u00bbno\u00bb text_align=\u00bbleft\u00bb background_image_as_pattern=\u00bbwithout_pattern\u00bb][vc_column][vc_column_text]<\/p>\n<h2 style=\"text-align: center;\">2021<\/h2>\n<p>[\/vc_column_text][vc_separator type=\u00bbnormal\u00bb][\/vc_column][\/vc_row][vc_row css_animation=\u00bb\u00bb row_type=\u00bbrow\u00bb use_row_as_full_screen_section=\u00bbno\u00bb type=\u00bbfull_width\u00bb angled_section=\u00bbno\u00bb text_align=\u00bbleft\u00bb background_image_as_pattern=\u00bbwithout_pattern\u00bb][vc_column width=\u00bb1\/2&#8243;][vc_column_text]<\/p>\n<h3>La actividad corporativa en el BME Growth de Udekta + Entrevista CUATROOCHENTA<\/h3>\n<p>[\/vc_column_text][vc_column_text]7 de enero de 2021[\/vc_column_text][vc_separator type=\u00bbnormal\u00bb][vc_video link=\u00bbhttps:\/\/youtu.be\/RG1u8Ia37Yc\u00bb][\/vc_column][vc_column width=\u00bb1\/2&#8243;][vc_column_text]<\/p>\n<h3>\u00bfC\u00f3mo van los \u00edndices del BME Growth? + Entrevista MAKING SCIENCE<\/h3>\n<p>[\/vc_column_text][vc_column_text]14 de enero de 2021[\/vc_column_text][vc_separator type=\u00bbnormal\u00bb][vc_video link=\u00bbhttps:\/\/youtu.be\/jZk_TSJTnMk\u00bb][\/vc_column][\/vc_row][vc_row css_animation=\u00bb\u00bb row_type=\u00bbrow\u00bb use_row_as_full_screen_section=\u00bbno\u00bb type=\u00bbfull_width\u00bb angled_section=\u00bbno\u00bb text_align=\u00bbleft\u00bb background_image_as_pattern=\u00bbwithout_pattern\u00bb][vc_column][vc_separator type=\u00bbnormal\u00bb][vc_separator type=\u00bbnormal\u00bb][\/vc_column][\/vc_row][vc_row css_animation=\u00bb\u00bb row_type=\u00bbrow\u00bb use_row_as_full_screen_section=\u00bbno\u00bb type=\u00bbfull_width\u00bb angled_section=\u00bbno\u00bb text_align=\u00bbleft\u00bb background_image_as_pattern=\u00bbwithout_pattern\u00bb][vc_column width=\u00bb1\/2&#8243;][vc_column_text]<\/p>\n<h3>Consecuencias de la tasa Tobin en el BME Growth + Entrevista ENDURANCE MOTIVE<\/h3>\n<p>[\/vc_column_text][vc_column_text]21 de enero de 2021[\/vc_column_text][vc_separator type=\u00bbnormal\u00bb][vc_video link=\u00bbhttps:\/\/youtu.be\/N612sVje0HQ\u00bb][\/vc_column][vc_column width=\u00bb1\/2&#8243;][vc_column_text]<\/p>\n<h3>Evoluci\u00f3n en el BME Growth durante el primer mes de 2021 + Entrevista a ATRYS HEALTH<\/h3>\n<p>[\/vc_column_text][vc_column_text]28 de enero de 2021[\/vc_column_text][vc_separator type=\u00bbnormal\u00bb][vc_video link=\u00bbhttps:\/\/youtu.be\/kKcsfZoLHZo\u00bb][\/vc_column][\/vc_row][vc_row css_animation=\u00bb\u00bb row_type=\u00bbrow\u00bb use_row_as_full_screen_section=\u00bbno\u00bb type=\u00bbfull_width\u00bb angled_section=\u00bbno\u00bb text_align=\u00bbleft\u00bb background_image_as_pattern=\u00bbwithout_pattern\u00bb][vc_column][vc_separator type=\u00bbnormal\u00bb][vc_separator type=\u00bbnormal\u00bb][\/vc_column][\/vc_row][vc_row css_animation=\u00bb\u00bb row_type=\u00bbrow\u00bb use_row_as_full_screen_section=\u00bbno\u00bb type=\u00bbfull_width\u00bb angled_section=\u00bbno\u00bb text_align=\u00bbleft\u00bb background_image_as_pattern=\u00bbwithout_pattern\u00bb][vc_column width=\u00bb1\/2&#8243;][vc_column_text]<\/p>\n<h3>C\u00f3mo est\u00e1 evolucionando el AIM de Londres + Entrevista IFFE FUTURA<\/h3>\n<p>[\/vc_column_text][vc_column_text]4 de febrero de 2021[\/vc_column_text][vc_separator type=\u00bbnormal\u00bb][vc_video link=\u00bbhttps:\/\/youtu.be\/i61QyFaDHvI\u00bb][\/vc_column][vc_column width=\u00bb1\/2&#8243;][vc_column_text]<\/p>\n<h3>An\u00e1lisis BME Growth y Microcaps + Entrevista a MAGNUM SICAV<\/h3>\n<p>[\/vc_column_text][vc_column_text]11 de febrero de 2021[\/vc_column_text][vc_separator type=\u00bbnormal\u00bb][vc_video link=\u00bbhttps:\/\/youtu.be\/GlnE3w4E5zU\u00bb][\/vc_column][\/vc_row][vc_row css_animation=\u00bb\u00bb row_type=\u00bbrow\u00bb use_row_as_full_screen_section=\u00bbno\u00bb type=\u00bbfull_width\u00bb angled_section=\u00bbno\u00bb text_align=\u00bbleft\u00bb background_image_as_pattern=\u00bbwithout_pattern\u00bb][vc_column][vc_separator type=\u00bbnormal\u00bb][vc_separator type=\u00bbnormal\u00bb][\/vc_column][\/vc_row][vc_row css_animation=\u00bb\u00bb row_type=\u00bbrow\u00bb use_row_as_full_screen_section=\u00bbno\u00bb type=\u00bbfull_width\u00bb angled_section=\u00bbno\u00bb text_align=\u00bbleft\u00bb background_image_as_pattern=\u00bbwithout_pattern\u00bb][vc_column width=\u00bb1\/2&#8243;][vc_column_text]<\/p>\n<h3>\u00bfQu\u00e9 es ROBOT y c\u00f3mo ha sido su cotizaci\u00f3n en el BME GROWTH? + Entrevista<\/h3>\n<p>[\/vc_column_text][vc_column_text]18 de febrero de 2021[\/vc_column_text][vc_separator type=\u00bbnormal\u00bb][vc_video link=\u00bbhttps:\/\/youtu.be\/7OerBXxKTPY\u00bb][\/vc_column][vc_column width=\u00bb1\/2&#8243;][vc_column_text]<\/p>\n<h3>Una OPA sobre una cotizada en el BME Growth + Entrevista AUDENTIA<\/h3>\n<p>[\/vc_column_text][vc_column_text]25 de febrero de 2021[\/vc_column_text][vc_separator type=\u00bbnormal\u00bb][vc_video link=\u00bbhttps:\/\/youtu.be\/rySLJnkyKmc\u00bb][\/vc_column][\/vc_row][vc_row css_animation=\u00bb\u00bb row_type=\u00bbrow\u00bb use_row_as_full_screen_section=\u00bbno\u00bb type=\u00bbfull_width\u00bb angled_section=\u00bbno\u00bb text_align=\u00bbleft\u00bb background_image_as_pattern=\u00bbwithout_pattern\u00bb][vc_column][vc_separator type=\u00bbnormal\u00bb][vc_separator type=\u00bbnormal\u00bb][\/vc_column][\/vc_row][vc_row css_animation=\u00bb\u00bb row_type=\u00bbrow\u00bb use_row_as_full_screen_section=\u00bbno\u00bb type=\u00bbfull_width\u00bb angled_section=\u00bbno\u00bb text_align=\u00bbleft\u00bb background_image_as_pattern=\u00bbwithout_pattern\u00bb][vc_column width=\u00bb1\/2&#8243;][vc_column_text]<\/p>\n<h3>Novedades y \u00faltimas noticias en el BME Growth + Entrevista ACCI\u00d3N GLOBAL<\/h3>\n<p>[\/vc_column_text][vc_column_text]4 de marzo de 2021[\/vc_column_text][vc_separator type=\u00bbnormal\u00bb][vc_video link=\u00bbhttps:\/\/youtu.be\/1F7WSBszErk\u00bb][\/vc_column][vc_column width=\u00bb1\/2&#8243;][vc_column_text]<\/p>\n<h3>\u00daltimas noticias y novedades en el BME Growth + Entrevista NBI BEARINGS<\/h3>\n<p>[\/vc_column_text][vc_column_text]11 de marzo de 2021[\/vc_column_text][vc_separator type=\u00bbnormal\u00bb][vc_video link=\u00bbhttps:\/\/youtu.be\/k4Y4KHP-ruc\u00bb][\/vc_column][\/vc_row][vc_row css_animation=\u00bb\u00bb row_type=\u00bbrow\u00bb use_row_as_full_screen_section=\u00bbno\u00bb type=\u00bbfull_width\u00bb angled_section=\u00bbno\u00bb text_align=\u00bbleft\u00bb background_image_as_pattern=\u00bbwithout_pattern\u00bb][vc_column][vc_separator type=\u00bbnormal\u00bb][vc_separator type=\u00bbnormal\u00bb][\/vc_column][\/vc_row][vc_row css_animation=\u00bb\u00bb row_type=\u00bbrow\u00bb use_row_as_full_screen_section=\u00bbno\u00bb type=\u00bbfull_width\u00bb angled_section=\u00bbno\u00bb text_align=\u00bbleft\u00bb background_image_as_pattern=\u00bbwithout_pattern\u00bb][vc_column width=\u00bb1\/2&#8243;][vc_column_text]<\/p>\n<h3>El boom de las SPACs y los \u00edndices IBEX GROWTH Market + Entrevista GAVARI<\/h3>\n<p>[\/vc_column_text][vc_column_text]18 de marzo de 2021[\/vc_column_text][vc_separator type=\u00bbnormal\u00bb][vc_video link=\u00bbhttps:\/\/youtu.be\/fetyaRcgSgE\u00bb][\/vc_column][vc_column width=\u00bb1\/2&#8243;][vc_column_text]<\/p>\n<h3>Nuevas EMPRESAS se acercan al BME GROWTH\u00a0+ Entrevista ALQUIBER<\/h3>\n<p>[\/vc_column_text][vc_column_text]25 de marzo de 2021[\/vc_column_text][vc_separator type=\u00bbnormal\u00bb][vc_video link=\u00bbhttps:\/\/youtu.be\/8T3PPTbz8Bo\u00bb][\/vc_column][\/vc_row][vc_row css_animation=\u00bb\u00bb row_type=\u00bbrow\u00bb use_row_as_full_screen_section=\u00bbno\u00bb type=\u00bbfull_width\u00bb angled_section=\u00bbno\u00bb text_align=\u00bbleft\u00bb background_image_as_pattern=\u00bbwithout_pattern\u00bb][vc_column][vc_separator type=\u00bbnormal\u00bb][vc_separator type=\u00bbnormal\u00bb][\/vc_column][\/vc_row][vc_row css_animation=\u00bb\u00bb row_type=\u00bbrow\u00bb use_row_as_full_screen_section=\u00bbno\u00bb type=\u00bbfull_width\u00bb angled_section=\u00bbno\u00bb text_align=\u00bbleft\u00bb background_image_as_pattern=\u00bbwithout_pattern\u00bb][vc_column width=\u00bb1\/2&#8243;][vc_column_text]<\/p>\n<h3>Novedades en cuanto al BME GROWTH con Udekta | Negocios TV<\/h3>\n<p>[\/vc_column_text][vc_column_text]22 de abril de 2021[\/vc_column_text][vc_separator type=\u00bbnormal\u00bb][vc_video link=\u00bbhttps:\/\/youtu.be\/9v2COePhCH0&#8243;][\/vc_column][vc_column width=\u00bb1\/2&#8243;][vc_column_text]<\/p>\n<h3>Claves para que las PYMES se conviertan en una empresa CAPITALIZADA | Negocios TV<\/h3>\n<p>[\/vc_column_text][vc_column_text]10 de mayo de 2021[\/vc_column_text][vc_separator type=\u00bbnormal\u00bb][vc_video link=\u00bbhttps:\/\/youtu.be\/2S9UWq9ndmA\u00bb][\/vc_column][\/vc_row][vc_row css_animation=\u00bb\u00bb row_type=\u00bbrow\u00bb use_row_as_full_screen_section=\u00bbno\u00bb type=\u00bbfull_width\u00bb angled_section=\u00bbno\u00bb text_align=\u00bbleft\u00bb background_image_as_pattern=\u00bbwithout_pattern\u00bb][vc_column][vc_separator type=\u00bbnormal\u00bb][vc_separator type=\u00bbnormal\u00bb][\/vc_column][\/vc_row][vc_row css_animation=\u00bb\u00bb row_type=\u00bbrow\u00bb use_row_as_full_screen_section=\u00bbno\u00bb type=\u00bbfull_width\u00bb angled_section=\u00bbno\u00bb text_align=\u00bbleft\u00bb background_image_as_pattern=\u00bbwithout_pattern\u00bb][vc_column width=\u00bb1\/2&#8243;][vc_column_text]<\/p>\n<h3>Evoluci\u00f3n de las MICROCAPS en Espa\u00f1a | Negocios TV<\/h3>\n<p>[\/vc_column_text][vc_column_text]13 de mayo de 2021[\/vc_column_text][vc_separator type=\u00bbnormal\u00bb][vc_video link=\u00bbhttps:\/\/youtu.be\/8NsnUvg5rqc\u00bb][\/vc_column][vc_column width=\u00bb1\/2&#8243;][vc_column_text][\/vc_column_text][vc_column_text][\/vc_column_text][vc_separator type=\u00bbnormal\u00bb][vc_video link=\u00bb\u00bb][\/vc_column][\/vc_row][vc_row css_animation=\u00bb\u00bb row_type=\u00bbrow\u00bb use_row_as_full_screen_section=\u00bbno\u00bb type=\u00bbfull_width\u00bb angled_section=\u00bbno\u00bb text_align=\u00bbleft\u00bb background_image_as_pattern=\u00bbwithout_pattern\u00bb][vc_column][vc_separator type=\u00bbnormal\u00bb][vc_separator type=\u00bbnormal\u00bb][\/vc_column][\/vc_row][vc_row css_animation=\u00bb\u00bb row_type=\u00bbrow\u00bb use_row_as_full_screen_section=\u00bbno\u00bb type=\u00bbfull_width\u00bb angled_section=\u00bbno\u00bb text_align=\u00bbleft\u00bb background_image_as_pattern=\u00bbwithout_pattern\u00bb][vc_column][vc_column_text]<\/p>\n<h2 style=\"text-align: center;\">2022<\/h2>\n<p>[\/vc_column_text][vc_separator type=\u00bbnormal\u00bb][\/vc_column][\/vc_row][vc_row css_animation=\u00bb\u00bb row_type=\u00bbrow\u00bb use_row_as_full_screen_section=\u00bbno\u00bb type=\u00bbfull_width\u00bb angled_section=\u00bbno\u00bb text_align=\u00bbleft\u00bb background_image_as_pattern=\u00bbwithout_pattern\u00bb][vc_column][vc_column_text]<\/p>\n<h3>Participaciones de Juan Sainz de los Terreros en TV.<\/h3>\n<p>[\/vc_column_text][vc_column_text]- Listado de v\u00eddeos -[\/vc_column_text][vc_separator type=\u00bbnormal\u00bb][vc_video link=\u00bbhttps:\/\/www.youtube.com\/playlist?list=PL8kUe9_6X7l7Yvz6xo-vMD39uZYTq6fuh\u00bb][vc_column_text][\/vc_column_text][vc_column_text][\/vc_column_text][vc_separator type=\u00bbnormal\u00bb][vc_video link=\u00bb\u00bb][\/vc_column][\/vc_row][vc_row css_animation=\u00bb\u00bb row_type=\u00bbrow\u00bb use_row_as_full_screen_section=\u00bbno\u00bb type=\u00bbfull_width\u00bb angled_section=\u00bbno\u00bb text_align=\u00bbleft\u00bb background_image_as_pattern=\u00bbwithout_pattern\u00bb][vc_column][vc_separator type=\u00bbnormal\u00bb][vc_separator type=\u00bbnormal\u00bb][\/vc_column][\/vc_row]<\/p>\n","protected":false},"excerpt":{"rendered":"<p>[vc_row css_animation=\u00bb\u00bb row_type=\u00bbrow\u00bb use_row_as_full_screen_section=\u00bbno\u00bb type=\u00bbfull_width\u00bb angled_section=\u00bbno\u00bb text_align=\u00bbleft\u00bb background_image_as_pattern=\u00bbwithout_pattern\u00bb][vc_column][vc_column_text] Participaciones de Udekta en Televisi\u00f3n [\/vc_column_text][vc_separator type=\u00bbnormal\u00bb][vc_separator type=\u00bbnormal\u00bb][\/vc_column][\/vc_row][vc_row css_animation=\u00bb\u00bb row_type=\u00bbrow\u00bb use_row_as_full_screen_section=\u00bbno\u00bb type=\u00bbfull_width\u00bb angled_section=\u00bbno\u00bb text_align=\u00bbleft\u00bb background_image_as_pattern=\u00bbwithout_pattern\u00bb][vc_column][vc_column_text] 2020 &#8211; 2021 &#8211; 2022 [\/vc_column_text][\/vc_column][vc_column][vc_separator type=\u00bbnormal\u00bb][\/vc_column][\/vc_row][vc_row css_animation=\u00bb\u00bb row_type=\u00bbrow\u00bb use_row_as_full_screen_section=\u00bbno\u00bb type=\u00bbfull_width\u00bb angled_section=\u00bbno\u00bb text_align=\u00bbleft\u00bb background_image_as_pattern=\u00bbwithout_pattern\u00bb][vc_column width=\u00bb1\/2&#8243;][vc_column_text] BME Growth, la bolsa de los pymes&#8230;<\/p>\n","protected":false},"author":4,"featured_media":833,"parent":0,"menu_order":0,"comment_status":"closed","ping_status":"closed","template":"","meta":{"footnotes":""},"_links":{"self":[{"href":"https:\/\/udekta.com\/corporate\/wp-json\/wp\/v2\/pages\/777"}],"collection":[{"href":"https:\/\/udekta.com\/corporate\/wp-json\/wp\/v2\/pages"}],"about":[{"href":"https:\/\/udekta.com\/corporate\/wp-json\/wp\/v2\/types\/page"}],"author":[{"embeddable":true,"href":"https:\/\/udekta.com\/corporate\/wp-json\/wp\/v2\/users\/4"}],"replies":[{"embeddable":true,"href":"https:\/\/udekta.com\/corporate\/wp-json\/wp\/v2\/comments?post=777"}],"version-history":[{"count":41,"href":"https:\/\/udekta.com\/corporate\/wp-json\/wp\/v2\/pages\/777\/revisions"}],"predecessor-version":[{"id":934,"href":"https:\/\/udekta.com\/corporate\/wp-json\/wp\/v2\/pages\/777\/revisions\/934"}],"wp:featuredmedia":[{"embeddable":true,"href":"https:\/\/udekta.com\/corporate\/wp-json\/wp\/v2\/media\/833"}],"wp:attachment":[{"href":"https:\/\/udekta.com\/corporate\/wp-json\/wp\/v2\/media?parent=777"}],"curies":[{"name":"wp","href":"https:\/\/api.w.org\/{rel}","templated":true}]}}